{"id":44,"date":"2023-11-16T20:49:48","date_gmt":"2023-11-16T19:49:48","guid":{"rendered":"https:\/\/adios-plagas.entutienda.vip\/?page_id=44"},"modified":"2023-11-18T10:43:15","modified_gmt":"2023-11-18T09:43:15","slug":"raquetas-electricas-contra-insectos","status":"publish","type":"page","link":"https:\/\/adios-plagas.entutienda.vip\/index.php\/raquetas-electricas-contra-insectos\/","title":{"rendered":"Raquetas el\u00e9ctricas contra insectos &#8211; La mejor selecci\u00f3n del 2024"},"content":{"rendered":"\n[ap-productos \n country=\u00bbes\u00bb\n affiliated_id=\u00bbbuenaire0d-21&#8243; \n category=\u00bbraquetas\u00bb\n asins=\u00bbB088R3NNPV B086JWTS5D B08CVKTLWV B08CXYTB5C B08D7N4VTW B08CVLVDKW B08D6P4X37 B0892JJ9C6 B0892JK9PT B0893CBZL6 B08D6PF172 B08CSP9MV6 B08CHFZF3M B08CHFJ6PL B08CHG7CTL B08CSPG227 B08D7NXK3W B08CRSR3N8 B08D7NTKR5 B08CNCD4P3 B08CSN9W2X B08CSPDFTD B08D6PM92G B07DTBBV7X B08CHDBGFG B08CNDT11H B08CRQN6YC B08CRRQFX7 B08D3Q4ST4 B08DD7LJKY B08CKXMD13 B08D6PNRK8 B08CSQHSJ1 B08D3PSH44 B08D7PB8RG B08CKYBDBT B08D3DZ4FM B08D3KBFF5 B08D6PS6LX B08D7NBNC8 B08CVK6MXM B08CXYBKS1 B08CRRJ6NT B08CXYR36J B08CSP7P1Z B08CXZGBRN B08CRC9V1S B08CRR7M8J B076CC8YC4{recomendado} B08CXY45JM B07MVZTLCP{recomendado} B07KC4ZW9B{recomendado} B082SP4C8K B06XW23K8Q B07N2JHK41{recomendado} B0855RW2N6{recomendado} B08834HWNZ{recomendado} B07G4BLM3W{recomendado} B01KIG7T8Q B07MJ9VSHG B07G4D742S\u00bb]\n","protected":false},"excerpt":{"rendered":"<p>[ap-productos country=\u00bbes\u00bb affiliated_id=\u00bbbuenaire0d-21&#8243; category=\u00bbraquetas\u00bb asins=\u00bbB088R3NNPV B086JWTS5D B08CVKTLWV B08CXYTB5C B08D7N4VTW B08CVLVDKW B08D6P4X37 B0892JJ9C6 B0892JK9PT B0893CBZL6 B08D6PF172 B08CSP9MV6 B08CHFZF3M B08CHFJ6PL B08CHG7CTL B08CSPG227 B08D7NXK3W B08CRSR3N8 B08D7NTKR5 B08CNCD4P3 B08CSN9W2X B08CSPDFTD B08D6PM92G B07DTBBV7X B08CHDBGFG B08CNDT11H B08CRQN6YC B08CRRQFX7 B08D3Q4ST4 B08DD7LJKY B08CKXMD13 B08D6PNRK8 B08CSQHSJ1 B08D3PSH44 B08D7PB8RG B08CKYBDBT B08D3DZ4FM B08D3KBFF5 B08D6PS6LX B08D7NBNC8 B08CVK6MXM B08CXYBKS1 B08CRRJ6NT B08CXYR36J B08CSP7P1Z B08CXZGBRN B08CRC9V1S B08CRR7M8J B076CC8YC4{recomendado} B08CXY45JM B07MVZTLCP{recomendado} &#8230; <a title=\"Raquetas el\u00e9ctricas contra insectos &#8211; La mejor selecci\u00f3n del 2024\" class=\"read-more\" href=\"https:\/\/adios-plagas.entutienda.vip\/index.php\/raquetas-electricas-contra-insectos\/\" aria-label=\"M\u00e1s en Raquetas el\u00e9ctricas contra insectos &#8211; La mejor selecci\u00f3n del 2024\">Leer m\u00e1s<\/a><\/p>\n","protected":false},"author":1,"featured_media":111,"parent":0,"menu_order":0,"comment_status":"closed","ping_status":"closed","template":"","meta":{"footnotes":""},"wf_page_folders":[4],"class_list":["post-44","page","type-page","status-publish","has-post-thumbnail"],"yoast_head":"<!-- This site is optimized with the Yoast SEO plugin v27.4 - https:\/\/yoast.com\/product\/yoast-seo-wordpress\/ -->\n<title>Raquetas el\u00e9ctricas contra insectos &#8211; La mejor selecci\u00f3n del 2024<\/title>\n<meta name=\"robots\" content=\"noindex, follow, max-snippet:-1, max-image-preview:large, max-video-preview:-1\" \/>\n<meta property=\"og:locale\" content=\"es_ES\" \/>\n<meta property=\"og:type\" content=\"article\" \/>\n<meta property=\"og:title\" content=\"Raquetas el\u00e9ctricas contra insectos &#8211; La mejor selecci\u00f3n del 2024\" \/>\n<meta property=\"og:description\" content=\"[ap-productos country=\u00bbes\u00bb affiliated_id=\u00bbbuenaire0d-21&#8243; category=\u00bbraquetas\u00bb asins=\u00bbB088R3NNPV B086JWTS5D B08CVKTLWV B08CXYTB5C B08D7N4VTW B08CVLVDKW B08D6P4X37 B0892JJ9C6 B0892JK9PT B0893CBZL6 B08D6PF172 B08CSP9MV6 B08CHFZF3M B08CHFJ6PL B08CHG7CTL B08CSPG227 B08D7NXK3W B08CRSR3N8 B08D7NTKR5 B08CNCD4P3 B08CSN9W2X B08CSPDFTD B08D6PM92G B07DTBBV7X B08CHDBGFG B08CNDT11H B08CRQN6YC B08CRRQFX7 B08D3Q4ST4 B08DD7LJKY B08CKXMD13 B08D6PNRK8 B08CSQHSJ1 B08D3PSH44 B08D7PB8RG B08CKYBDBT B08D3DZ4FM B08D3KBFF5 B08D6PS6LX B08D7NBNC8 B08CVK6MXM B08CXYBKS1 B08CRRJ6NT B08CXYR36J B08CSP7P1Z B08CXZGBRN B08CRC9V1S B08CRR7M8J B076CC8YC4{recomendado} B08CXY45JM B07MVZTLCP{recomendado} ... Leer m\u00e1s\" \/>\n<meta property=\"og:url\" content=\"https:\/\/adios-plagas.entutienda.vip\/index.php\/raquetas-electricas-contra-insectos\/\" \/>\n<meta property=\"og:site_name\" content=\"Adios plagas\" \/>\n<meta property=\"article:modified_time\" content=\"2023-11-18T09:43:15+00:00\" \/>\n<meta property=\"og:image\" content=\"https:\/\/adios-plagas.entutienda.vip\/wp-content\/uploads\/2023\/11\/raqueta-electrica-header.jpg\" \/>\n\t<meta property=\"og:image:width\" content=\"1100\" \/>\n\t<meta property=\"og:image:height\" content=\"800\" \/>\n\t<meta property=\"og:image:type\" content=\"image\/jpeg\" \/>\n<meta name=\"twitter:card\" content=\"summary_large_image\" \/>\n<meta name=\"twitter:label1\" content=\"Tiempo de lectura\" \/>\n\t<meta name=\"twitter:data1\" content=\"1 minuto\" \/>\n<script type=\"application\/ld+json\" class=\"yoast-schema-graph\">{\"@context\":\"https:\\\/\\\/schema.org\",\"@graph\":[{\"@type\":\"WebPage\",\"@id\":\"https:\\\/\\\/adios-plagas.entutienda.vip\\\/index.php\\\/raquetas-electricas-contra-insectos\\\/\",\"url\":\"https:\\\/\\\/adios-plagas.entutienda.vip\\\/index.php\\\/raquetas-electricas-contra-insectos\\\/\",\"name\":\"Raquetas el\u00e9ctricas contra insectos - La mejor selecci\u00f3n del 2024\",\"isPartOf\":{\"@id\":\"https:\\\/\\\/adios-plagas.entutienda.vip\\\/#website\"},\"primaryImageOfPage\":{\"@id\":\"https:\\\/\\\/adios-plagas.entutienda.vip\\\/index.php\\\/raquetas-electricas-contra-insectos\\\/#primaryimage\"},\"image\":{\"@id\":\"https:\\\/\\\/adios-plagas.entutienda.vip\\\/index.php\\\/raquetas-electricas-contra-insectos\\\/#primaryimage\"},\"thumbnailUrl\":\"https:\\\/\\\/adios-plagas.entutienda.vip\\\/wp-content\\\/uploads\\\/2023\\\/11\\\/raqueta-electrica-header.jpg\",\"datePublished\":\"2023-11-16T19:49:48+00:00\",\"dateModified\":\"2023-11-18T09:43:15+00:00\",\"inLanguage\":\"es\",\"potentialAction\":[{\"@type\":\"ReadAction\",\"target\":[\"https:\\\/\\\/adios-plagas.entutienda.vip\\\/index.php\\\/raquetas-electricas-contra-insectos\\\/\"]}]},{\"@type\":\"ImageObject\",\"inLanguage\":\"es\",\"@id\":\"https:\\\/\\\/adios-plagas.entutienda.vip\\\/index.php\\\/raquetas-electricas-contra-insectos\\\/#primaryimage\",\"url\":\"https:\\\/\\\/adios-plagas.entutienda.vip\\\/wp-content\\\/uploads\\\/2023\\\/11\\\/raqueta-electrica-header.jpg\",\"contentUrl\":\"https:\\\/\\\/adios-plagas.entutienda.vip\\\/wp-content\\\/uploads\\\/2023\\\/11\\\/raqueta-electrica-header.jpg\",\"width\":1100,\"height\":800,\"caption\":\"Raquetas electricas para insectos - La mejor selecci\u00f3n del 2023\"},{\"@type\":\"WebSite\",\"@id\":\"https:\\\/\\\/adios-plagas.entutienda.vip\\\/#website\",\"url\":\"https:\\\/\\\/adios-plagas.entutienda.vip\\\/\",\"name\":\"Adios plagas\",\"description\":\"Todo tipo de productos para eliminaci\u00f3n de plagas\",\"potentialAction\":[{\"@type\":\"SearchAction\",\"target\":{\"@type\":\"EntryPoint\",\"urlTemplate\":\"https:\\\/\\\/adios-plagas.entutienda.vip\\\/?s={search_term_string}\"},\"query-input\":{\"@type\":\"PropertyValueSpecification\",\"valueRequired\":true,\"valueName\":\"search_term_string\"}}],\"inLanguage\":\"es\"}]}<\/script>\n<!-- \/ Yoast SEO plugin. -->","yoast_head_json":{"title":"Raquetas el\u00e9ctricas contra insectos &#8211; La mejor selecci\u00f3n del 2024","robots":{"index":"noindex","follow":"follow","max-snippet":"max-snippet:-1","max-image-preview":"max-image-preview:large","max-video-preview":"max-video-preview:-1"},"og_locale":"es_ES","og_type":"article","og_title":"Raquetas el\u00e9ctricas contra insectos &#8211; La mejor selecci\u00f3n del 2024","og_description":"[ap-productos country=\u00bbes\u00bb affiliated_id=\u00bbbuenaire0d-21&#8243; category=\u00bbraquetas\u00bb asins=\u00bbB088R3NNPV B086JWTS5D B08CVKTLWV B08CXYTB5C B08D7N4VTW B08CVLVDKW B08D6P4X37 B0892JJ9C6 B0892JK9PT B0893CBZL6 B08D6PF172 B08CSP9MV6 B08CHFZF3M B08CHFJ6PL B08CHG7CTL B08CSPG227 B08D7NXK3W B08CRSR3N8 B08D7NTKR5 B08CNCD4P3 B08CSN9W2X B08CSPDFTD B08D6PM92G B07DTBBV7X B08CHDBGFG B08CNDT11H B08CRQN6YC B08CRRQFX7 B08D3Q4ST4 B08DD7LJKY B08CKXMD13 B08D6PNRK8 B08CSQHSJ1 B08D3PSH44 B08D7PB8RG B08CKYBDBT B08D3DZ4FM B08D3KBFF5 B08D6PS6LX B08D7NBNC8 B08CVK6MXM B08CXYBKS1 B08CRRJ6NT B08CXYR36J B08CSP7P1Z B08CXZGBRN B08CRC9V1S B08CRR7M8J B076CC8YC4{recomendado} B08CXY45JM B07MVZTLCP{recomendado} ... Leer m\u00e1s","og_url":"https:\/\/adios-plagas.entutienda.vip\/index.php\/raquetas-electricas-contra-insectos\/","og_site_name":"Adios plagas","article_modified_time":"2023-11-18T09:43:15+00:00","og_image":[{"width":1100,"height":800,"url":"https:\/\/adios-plagas.entutienda.vip\/wp-content\/uploads\/2023\/11\/raqueta-electrica-header.jpg","type":"image\/jpeg"}],"twitter_card":"summary_large_image","twitter_misc":{"Tiempo de lectura":"1 minuto"},"schema":{"@context":"https:\/\/schema.org","@graph":[{"@type":"WebPage","@id":"https:\/\/adios-plagas.entutienda.vip\/index.php\/raquetas-electricas-contra-insectos\/","url":"https:\/\/adios-plagas.entutienda.vip\/index.php\/raquetas-electricas-contra-insectos\/","name":"Raquetas el\u00e9ctricas contra insectos - La mejor selecci\u00f3n del 2024","isPartOf":{"@id":"https:\/\/adios-plagas.entutienda.vip\/#website"},"primaryImageOfPage":{"@id":"https:\/\/adios-plagas.entutienda.vip\/index.php\/raquetas-electricas-contra-insectos\/#primaryimage"},"image":{"@id":"https:\/\/adios-plagas.entutienda.vip\/index.php\/raquetas-electricas-contra-insectos\/#primaryimage"},"thumbnailUrl":"https:\/\/adios-plagas.entutienda.vip\/wp-content\/uploads\/2023\/11\/raqueta-electrica-header.jpg","datePublished":"2023-11-16T19:49:48+00:00","dateModified":"2023-11-18T09:43:15+00:00","inLanguage":"es","potentialAction":[{"@type":"ReadAction","target":["https:\/\/adios-plagas.entutienda.vip\/index.php\/raquetas-electricas-contra-insectos\/"]}]},{"@type":"ImageObject","inLanguage":"es","@id":"https:\/\/adios-plagas.entutienda.vip\/index.php\/raquetas-electricas-contra-insectos\/#primaryimage","url":"https:\/\/adios-plagas.entutienda.vip\/wp-content\/uploads\/2023\/11\/raqueta-electrica-header.jpg","contentUrl":"https:\/\/adios-plagas.entutienda.vip\/wp-content\/uploads\/2023\/11\/raqueta-electrica-header.jpg","width":1100,"height":800,"caption":"Raquetas electricas para insectos - La mejor selecci\u00f3n del 2023"},{"@type":"WebSite","@id":"https:\/\/adios-plagas.entutienda.vip\/#website","url":"https:\/\/adios-plagas.entutienda.vip\/","name":"Adios plagas","description":"Todo tipo de productos para eliminaci\u00f3n de plagas","potentialAction":[{"@type":"SearchAction","target":{"@type":"EntryPoint","urlTemplate":"https:\/\/adios-plagas.entutienda.vip\/?s={search_term_string}"},"query-input":{"@type":"PropertyValueSpecification","valueRequired":true,"valueName":"search_term_string"}}],"inLanguage":"es"}]}},"_links":{"self":[{"href":"https:\/\/adios-plagas.entutienda.vip\/index.php\/wp-json\/wp\/v2\/pages\/44","targetHints":{"allow":["GET"]}}],"collection":[{"href":"https:\/\/adios-plagas.entutienda.vip\/index.php\/wp-json\/wp\/v2\/pages"}],"about":[{"href":"https:\/\/adios-plagas.entutienda.vip\/index.php\/wp-json\/wp\/v2\/types\/page"}],"author":[{"embeddable":true,"href":"https:\/\/adios-plagas.entutienda.vip\/index.php\/wp-json\/wp\/v2\/users\/1"}],"replies":[{"embeddable":true,"href":"https:\/\/adios-plagas.entutienda.vip\/index.php\/wp-json\/wp\/v2\/comments?post=44"}],"version-history":[{"count":3,"href":"https:\/\/adios-plagas.entutienda.vip\/index.php\/wp-json\/wp\/v2\/pages\/44\/revisions"}],"predecessor-version":[{"id":134,"href":"https:\/\/adios-plagas.entutienda.vip\/index.php\/wp-json\/wp\/v2\/pages\/44\/revisions\/134"}],"wp:featuredmedia":[{"embeddable":true,"href":"https:\/\/adios-plagas.entutienda.vip\/index.php\/wp-json\/wp\/v2\/media\/111"}],"wp:attachment":[{"href":"https:\/\/adios-plagas.entutienda.vip\/index.php\/wp-json\/wp\/v2\/media?parent=44"}],"wp:term":[{"taxonomy":"wf_page_folders","embeddable":true,"href":"https:\/\/adios-plagas.entutienda.vip\/index.php\/wp-json\/wp\/v2\/wf_page_folders?post=44"}],"curies":[{"name":"wp","href":"https:\/\/api.w.org\/{rel}","templated":true}]}}